{"id":987,"date":"2019-08-13T12:44:15","date_gmt":"2019-08-13T12:44:15","guid":{"rendered":"https:\/\/wp.myrale-d-or.com\/?post_type=product&#038;p=987"},"modified":"2019-10-31T15:35:31","modified_gmt":"2019-10-31T15:35:31","slug":"pm022","status":"publish","type":"product","link":"https:\/\/wp.myrale-d-or.com\/?product=pm022","title":{"rendered":"PM022"},"content":{"rendered":"<p>Pi\u00e8ce mont\u00e9e cr\u00e8me au beurre<\/p>\n","protected":false},"excerpt":{"rendered":"<p>Pi\u00e8ce mont\u00e9e cr\u00e8me au beurre<\/p>\n","protected":false},"featured_media":993,"comment_status":"open","ping_status":"closed","template":"","meta":[],"_links":{"self":[{"href":"https:\/\/wp.myrale-d-or.com\/index.php?rest_route=\/wp\/v2\/product\/987"}],"collection":[{"href":"https:\/\/wp.myrale-d-or.com\/index.php?rest_route=\/wp\/v2\/product"}],"about":[{"href":"https:\/\/wp.myrale-d-or.com\/index.php?rest_route=\/wp\/v2\/types\/product"}],"replies":[{"embeddable":true,"href":"https:\/\/wp.myrale-d-or.com\/index.php?rest_route=%2Fwp%2Fv2%2Fcomments&post=987"}],"version-history":[{"count":1,"href":"https:\/\/wp.myrale-d-or.com\/index.php?rest_route=\/wp\/v2\/product\/987\/revisions"}],"predecessor-version":[{"id":994,"href":"https:\/\/wp.myrale-d-or.com\/index.php?rest_route=\/wp\/v2\/product\/987\/revisions\/994"}],"wp:featuredmedia":[{"embeddable":true,"href":"https:\/\/wp.myrale-d-or.com\/index.php?rest_route=\/wp\/v2\/media\/993"}],"wp:attachment":[{"href":"https:\/\/wp.myrale-d-or.com\/index.php?rest_route=%2Fwp%2Fv2%2Fmedia&parent=987"}],"curies":[{"name":"wp","href":"https:\/\/api.w.org\/{rel}","templated":true}]}}