{"id":970,"date":"2019-08-12T13:49:09","date_gmt":"2019-08-12T13:49:09","guid":{"rendered":"https:\/\/wp.myrale-d-or.com\/?post_type=product&#038;p=970"},"modified":"2019-10-31T15:39:04","modified_gmt":"2019-10-31T15:39:04","slug":"pm013","status":"publish","type":"product","link":"https:\/\/wp.myrale-d-or.com\/?product=pm013","title":{"rendered":"PM013"},"content":{"rendered":"<p>Pi\u00e8ce mont\u00e9e p\u00e2te \u00e0 sucre<\/p>\n","protected":false},"excerpt":{"rendered":"<p>Pi\u00e8ce mont\u00e9e p\u00e2te \u00e0 sucre<\/p>\n","protected":false},"featured_media":976,"comment_status":"open","ping_status":"closed","template":"","meta":[],"_links":{"self":[{"href":"https:\/\/wp.myrale-d-or.com\/index.php?rest_route=\/wp\/v2\/product\/970"}],"collection":[{"href":"https:\/\/wp.myrale-d-or.com\/index.php?rest_route=\/wp\/v2\/product"}],"about":[{"href":"https:\/\/wp.myrale-d-or.com\/index.php?rest_route=\/wp\/v2\/types\/product"}],"replies":[{"embeddable":true,"href":"https:\/\/wp.myrale-d-or.com\/index.php?rest_route=%2Fwp%2Fv2%2Fcomments&post=970"}],"version-history":[{"count":1,"href":"https:\/\/wp.myrale-d-or.com\/index.php?rest_route=\/wp\/v2\/product\/970\/revisions"}],"predecessor-version":[{"id":977,"href":"https:\/\/wp.myrale-d-or.com\/index.php?rest_route=\/wp\/v2\/product\/970\/revisions\/977"}],"wp:featuredmedia":[{"embeddable":true,"href":"https:\/\/wp.myrale-d-or.com\/index.php?rest_route=\/wp\/v2\/media\/976"}],"wp:attachment":[{"href":"https:\/\/wp.myrale-d-or.com\/index.php?rest_route=%2Fwp%2Fv2%2Fmedia&parent=970"}],"curies":[{"name":"wp","href":"https:\/\/api.w.org\/{rel}","templated":true}]}}