{"id":929,"date":"2019-08-12T13:29:28","date_gmt":"2019-08-12T13:29:28","guid":{"rendered":"https:\/\/wp.myrale-d-or.com\/?post_type=product&#038;p=929"},"modified":"2019-10-31T15:41:27","modified_gmt":"2019-10-31T15:41:27","slug":"pm005","status":"publish","type":"product","link":"https:\/\/wp.myrale-d-or.com\/?product=pm005","title":{"rendered":"PM005"},"content":{"rendered":"<p>Pi\u00e8ce mont\u00e9e cr\u00e8me au beurre<\/p>\n","protected":false},"excerpt":{"rendered":"<p>Pi\u00e8ce mont\u00e9e cr\u00e8me au beurre<\/p>\n","protected":false},"featured_media":935,"comment_status":"open","ping_status":"closed","template":"","meta":[],"_links":{"self":[{"href":"https:\/\/wp.myrale-d-or.com\/index.php?rest_route=\/wp\/v2\/product\/929"}],"collection":[{"href":"https:\/\/wp.myrale-d-or.com\/index.php?rest_route=\/wp\/v2\/product"}],"about":[{"href":"https:\/\/wp.myrale-d-or.com\/index.php?rest_route=\/wp\/v2\/types\/product"}],"replies":[{"embeddable":true,"href":"https:\/\/wp.myrale-d-or.com\/index.php?rest_route=%2Fwp%2Fv2%2Fcomments&post=929"}],"version-history":[{"count":1,"href":"https:\/\/wp.myrale-d-or.com\/index.php?rest_route=\/wp\/v2\/product\/929\/revisions"}],"predecessor-version":[{"id":936,"href":"https:\/\/wp.myrale-d-or.com\/index.php?rest_route=\/wp\/v2\/product\/929\/revisions\/936"}],"wp:featuredmedia":[{"embeddable":true,"href":"https:\/\/wp.myrale-d-or.com\/index.php?rest_route=\/wp\/v2\/media\/935"}],"wp:attachment":[{"href":"https:\/\/wp.myrale-d-or.com\/index.php?rest_route=%2Fwp%2Fv2%2Fmedia&parent=929"}],"curies":[{"name":"wp","href":"https:\/\/api.w.org\/{rel}","templated":true}]}}