{"id":874,"date":"2019-08-12T10:40:54","date_gmt":"2019-08-12T10:40:54","guid":{"rendered":"https:\/\/wp.myrale-d-or.com\/?post_type=product&#038;p=874"},"modified":"2019-10-31T15:48:07","modified_gmt":"2019-10-31T15:48:07","slug":"pm007","status":"publish","type":"product","link":"https:\/\/wp.myrale-d-or.com\/?product=pm007","title":{"rendered":"PM007"},"content":{"rendered":"<p>Pi\u00e8ce mont\u00e9e p\u00e2te \u00e0 sucre<\/p>\n","protected":false},"excerpt":{"rendered":"<p>Pi\u00e8ce mont\u00e9e p\u00e2te \u00e0 sucre<\/p>\n","protected":false},"featured_media":875,"comment_status":"open","ping_status":"closed","template":"","meta":[],"_links":{"self":[{"href":"https:\/\/wp.myrale-d-or.com\/index.php?rest_route=\/wp\/v2\/product\/874"}],"collection":[{"href":"https:\/\/wp.myrale-d-or.com\/index.php?rest_route=\/wp\/v2\/product"}],"about":[{"href":"https:\/\/wp.myrale-d-or.com\/index.php?rest_route=\/wp\/v2\/types\/product"}],"replies":[{"embeddable":true,"href":"https:\/\/wp.myrale-d-or.com\/index.php?rest_route=%2Fwp%2Fv2%2Fcomments&post=874"}],"version-history":[{"count":2,"href":"https:\/\/wp.myrale-d-or.com\/index.php?rest_route=\/wp\/v2\/product\/874\/revisions"}],"predecessor-version":[{"id":892,"href":"https:\/\/wp.myrale-d-or.com\/index.php?rest_route=\/wp\/v2\/product\/874\/revisions\/892"}],"wp:featuredmedia":[{"embeddable":true,"href":"https:\/\/wp.myrale-d-or.com\/index.php?rest_route=\/wp\/v2\/media\/875"}],"wp:attachment":[{"href":"https:\/\/wp.myrale-d-or.com\/index.php?rest_route=%2Fwp%2Fv2%2Fmedia&parent=874"}],"curies":[{"name":"wp","href":"https:\/\/api.w.org\/{rel}","templated":true}]}}