{"id":841,"date":"2019-08-11T19:57:27","date_gmt":"2019-08-11T19:57:27","guid":{"rendered":"https:\/\/wp.myrale-d-or.com\/?post_type=product&#038;p=841"},"modified":"2020-03-27T20:37:35","modified_gmt":"2020-03-27T20:37:35","slug":"cupcake-cafe-chocolat","status":"publish","type":"product","link":"https:\/\/wp.myrale-d-or.com\/?product=cupcake-cafe-chocolat","title":{"rendered":"Cupcake caf\u00e9 &#8211; chocolat"},"content":{"rendered":"<p>Cupcakes au chocolat avec ganache caf\u00e9 mont\u00e9e et garnis de grain de caf\u00e9 chocolat<\/p>\n","protected":false},"excerpt":{"rendered":"<p>Minimum quantit\u00e9: 6Pc<\/p>\n","protected":false},"featured_media":666,"comment_status":"open","ping_status":"closed","template":"","meta":[],"_links":{"self":[{"href":"https:\/\/wp.myrale-d-or.com\/index.php?rest_route=\/wp\/v2\/product\/841"}],"collection":[{"href":"https:\/\/wp.myrale-d-or.com\/index.php?rest_route=\/wp\/v2\/product"}],"about":[{"href":"https:\/\/wp.myrale-d-or.com\/index.php?rest_route=\/wp\/v2\/types\/product"}],"replies":[{"embeddable":true,"href":"https:\/\/wp.myrale-d-or.com\/index.php?rest_route=%2Fwp%2Fv2%2Fcomments&post=841"}],"version-history":[{"count":2,"href":"https:\/\/wp.myrale-d-or.com\/index.php?rest_route=\/wp\/v2\/product\/841\/revisions"}],"predecessor-version":[{"id":2177,"href":"https:\/\/wp.myrale-d-or.com\/index.php?rest_route=\/wp\/v2\/product\/841\/revisions\/2177"}],"wp:featuredmedia":[{"embeddable":true,"href":"https:\/\/wp.myrale-d-or.com\/index.php?rest_route=\/wp\/v2\/media\/666"}],"wp:attachment":[{"href":"https:\/\/wp.myrale-d-or.com\/index.php?rest_route=%2Fwp%2Fv2%2Fmedia&parent=841"}],"curies":[{"name":"wp","href":"https:\/\/api.w.org\/{rel}","templated":true}]}}