{"id":831,"date":"2019-08-11T19:35:20","date_gmt":"2019-08-11T19:35:20","guid":{"rendered":"https:\/\/wp.myrale-d-or.com\/?post_type=product&#038;p=831"},"modified":"2020-03-27T20:52:47","modified_gmt":"2020-03-27T20:52:47","slug":"cupcake-vanille","status":"publish","type":"product","link":"https:\/\/wp.myrale-d-or.com\/?product=cupcake-vanille","title":{"rendered":"Cupcake vanille"},"content":{"rendered":"<p>Cupcakes \u00e0 la vanille avec ganache blanc mont\u00e9e et garnis de perles vari\u00e9s<\/p>\n","protected":false},"excerpt":{"rendered":"<p>Minimum quantit\u00e9: 6Pc<\/p>\n","protected":false},"featured_media":832,"comment_status":"open","ping_status":"closed","template":"","meta":[],"_links":{"self":[{"href":"https:\/\/wp.myrale-d-or.com\/index.php?rest_route=\/wp\/v2\/product\/831"}],"collection":[{"href":"https:\/\/wp.myrale-d-or.com\/index.php?rest_route=\/wp\/v2\/product"}],"about":[{"href":"https:\/\/wp.myrale-d-or.com\/index.php?rest_route=\/wp\/v2\/types\/product"}],"replies":[{"embeddable":true,"href":"https:\/\/wp.myrale-d-or.com\/index.php?rest_route=%2Fwp%2Fv2%2Fcomments&post=831"}],"version-history":[{"count":2,"href":"https:\/\/wp.myrale-d-or.com\/index.php?rest_route=\/wp\/v2\/product\/831\/revisions"}],"predecessor-version":[{"id":2181,"href":"https:\/\/wp.myrale-d-or.com\/index.php?rest_route=\/wp\/v2\/product\/831\/revisions\/2181"}],"wp:featuredmedia":[{"embeddable":true,"href":"https:\/\/wp.myrale-d-or.com\/index.php?rest_route=\/wp\/v2\/media\/832"}],"wp:attachment":[{"href":"https:\/\/wp.myrale-d-or.com\/index.php?rest_route=%2Fwp%2Fv2%2Fmedia&parent=831"}],"curies":[{"name":"wp","href":"https:\/\/api.w.org\/{rel}","templated":true}]}}