{"id":3305,"date":"2020-03-27T20:33:48","date_gmt":"2020-03-27T20:33:48","guid":{"rendered":"https:\/\/wp.myrale-d-or.com\/?post_type=product&#038;p=3305"},"modified":"2020-03-27T20:34:37","modified_gmt":"2020-03-27T20:34:37","slug":"cupcake-pate-a-sucre","status":"publish","type":"product","link":"https:\/\/wp.myrale-d-or.com\/?product=cupcake-pate-a-sucre","title":{"rendered":"Cupcake p\u00e2te \u00e0 sucre"},"content":{"rendered":"","protected":false},"excerpt":{"rendered":"<p>Minimum quantit\u00e9: 6Pc<\/p>\n","protected":false},"featured_media":1742,"comment_status":"open","ping_status":"closed","template":"","meta":[],"_links":{"self":[{"href":"https:\/\/wp.myrale-d-or.com\/index.php?rest_route=\/wp\/v2\/product\/3305"}],"collection":[{"href":"https:\/\/wp.myrale-d-or.com\/index.php?rest_route=\/wp\/v2\/product"}],"about":[{"href":"https:\/\/wp.myrale-d-or.com\/index.php?rest_route=\/wp\/v2\/types\/product"}],"replies":[{"embeddable":true,"href":"https:\/\/wp.myrale-d-or.com\/index.php?rest_route=%2Fwp%2Fv2%2Fcomments&post=3305"}],"version-history":[{"count":1,"href":"https:\/\/wp.myrale-d-or.com\/index.php?rest_route=\/wp\/v2\/product\/3305\/revisions"}],"predecessor-version":[{"id":3306,"href":"https:\/\/wp.myrale-d-or.com\/index.php?rest_route=\/wp\/v2\/product\/3305\/revisions\/3306"}],"wp:featuredmedia":[{"embeddable":true,"href":"https:\/\/wp.myrale-d-or.com\/index.php?rest_route=\/wp\/v2\/media\/1742"}],"wp:attachment":[{"href":"https:\/\/wp.myrale-d-or.com\/index.php?rest_route=%2Fwp%2Fv2%2Fmedia&parent=3305"}],"curies":[{"name":"wp","href":"https:\/\/api.w.org\/{rel}","templated":true}]}}