{"id":3244,"date":"2020-03-08T12:47:49","date_gmt":"2020-03-08T12:47:49","guid":{"rendered":"https:\/\/wp.myrale-d-or.com\/?post_type=product&#038;p=3244"},"modified":"2020-03-08T13:23:05","modified_gmt":"2020-03-08T13:23:05","slug":"buffet-opening-100-personnes","status":"publish","type":"product","link":"https:\/\/wp.myrale-d-or.com\/?product=buffet-opening-100-personnes","title":{"rendered":"Buffet Opening (100 Personnes)"},"content":{"rendered":"<p>Les composants du buffet:<\/p>\n<p>&gt; Cake cupcake tower<\/p>\n<p>&gt; Dates aux noix<\/p>\n<p>&gt; Lait au fleur d&#8217;oranger<\/p>\n<p>&gt; 1 plat kaab ghzal<\/p>\n<p>&gt;50 mini pizza<\/p>\n<p>&gt; 25 mini quiches<\/p>\n<p>&gt;25 canap\u00e9s<\/p>\n<p>&gt; 1 plateau sable prestige<\/p>\n<p>&gt; 25 mini pain aux chocolat<\/p>\n<p>&gt; 25 mini pain suisse<\/p>\n<p>&gt;50 mini batbout sal\u00e9<\/p>\n<p>&gt; 25 briwat sal\u00e9<\/p>\n<p>&gt; 25 nems sal\u00e9<\/p>\n<p>&gt;25 mini soir\u00e9es<\/p>\n<p>&gt; 25 tartelettes<\/p>\n<p>&gt;25 <span class=\"c-article__title u-title-page\">Vols au vent<\/span><\/p>\n<p>&gt; 2 jus 100% fruits (15L)<\/p>\n<p>&gt; 1 jus de fruit commerce (5L)<\/p>\n<p>&gt; Caf\u00e9<\/p>\n<p>&gt;Th\u00e9<\/p>\n<p>&gt; Lait<\/p>\n<p>&gt; Eau min\u00e9rale<\/p>\n<p>&gt; 3 Bouquets de fleurs<\/p>\n<p>&gt; 4 Serveur<\/p>\n","protected":false},"excerpt":{"rendered":"<p>Les composants du buffet: &gt; Cake cupcake tower &gt; Dates aux noix &gt; Lait au fleur d&#8217;oranger &gt; 1 plat kaab ghzal &gt;50 mini pizza &gt; 25 mini quiches &gt;25 canap\u00e9s &gt; 1 plateau sable prestige &gt; 25 mini pain aux chocolat &gt; 25 mini pain suisse &gt;50 mini batbout sal\u00e9 &gt; 25 briwat sal\u00e9 &hellip;<\/p>\n<p class=\"read-more\"> <a class=\"\" href=\"https:\/\/wp.myrale-d-or.com\/?product=buffet-opening-100-personnes\"> <span class=\"screen-reader-text\">Buffet Opening (100 Personnes)<\/span> Lire la suite\u00a0\u00bb<\/a><\/p>\n","protected":false},"featured_media":3247,"comment_status":"open","ping_status":"closed","template":"","meta":[],"_links":{"self":[{"href":"https:\/\/wp.myrale-d-or.com\/index.php?rest_route=\/wp\/v2\/product\/3244"}],"collection":[{"href":"https:\/\/wp.myrale-d-or.com\/index.php?rest_route=\/wp\/v2\/product"}],"about":[{"href":"https:\/\/wp.myrale-d-or.com\/index.php?rest_route=\/wp\/v2\/types\/product"}],"replies":[{"embeddable":true,"href":"https:\/\/wp.myrale-d-or.com\/index.php?rest_route=%2Fwp%2Fv2%2Fcomments&post=3244"}],"version-history":[{"count":4,"href":"https:\/\/wp.myrale-d-or.com\/index.php?rest_route=\/wp\/v2\/product\/3244\/revisions"}],"predecessor-version":[{"id":3254,"href":"https:\/\/wp.myrale-d-or.com\/index.php?rest_route=\/wp\/v2\/product\/3244\/revisions\/3254"}],"wp:featuredmedia":[{"embeddable":true,"href":"https:\/\/wp.myrale-d-or.com\/index.php?rest_route=\/wp\/v2\/media\/3247"}],"wp:attachment":[{"href":"https:\/\/wp.myrale-d-or.com\/index.php?rest_route=%2Fwp%2Fv2%2Fmedia&parent=3244"}],"curies":[{"name":"wp","href":"https:\/\/api.w.org\/{rel}","templated":true}]}}