{"id":3157,"date":"2020-02-24T16:34:01","date_gmt":"2020-02-24T16:34:01","guid":{"rendered":"https:\/\/wp.myrale-d-or.com\/?post_type=product&#038;p=3157"},"modified":"2020-02-25T14:47:29","modified_gmt":"2020-02-25T14:47:29","slug":"plat-poulet-legumes-rotis","status":"publish","type":"product","link":"https:\/\/wp.myrale-d-or.com\/?product=plat-poulet-legumes-rotis","title":{"rendered":"Plat poulet l\u00e9gumes r\u00f4tis"},"content":{"rendered":"<p>Plat compos\u00e9 de:<\/p>\n<p>&gt; Poulet r\u00f4ti (8kg)<\/p>\n<p>&gt; L\u00e9gumes r\u00f4tis<\/p>\n<p>&gt; Ananas &amp; dinde fum\u00e9<\/p>\n<p>&gt; Tomate cerise &amp; cube de fromage FETA<\/p>\n","protected":false},"excerpt":{"rendered":"<p>Plat compos\u00e9 de:<\/p>\n<ul>\n<li>Poulet r\u00f4ti (8kg)<\/li>\n<li>L\u00e9gumes r\u00f4tis<\/li>\n<li>Ananas &amp; dinde fum\u00e9<\/li>\n<li>Tomate cerise &amp; cube de fromage FETA<\/li>\n<\/ul>\n","protected":false},"featured_media":3140,"comment_status":"open","ping_status":"closed","template":"","meta":[],"_links":{"self":[{"href":"https:\/\/wp.myrale-d-or.com\/index.php?rest_route=\/wp\/v2\/product\/3157"}],"collection":[{"href":"https:\/\/wp.myrale-d-or.com\/index.php?rest_route=\/wp\/v2\/product"}],"about":[{"href":"https:\/\/wp.myrale-d-or.com\/index.php?rest_route=\/wp\/v2\/types\/product"}],"replies":[{"embeddable":true,"href":"https:\/\/wp.myrale-d-or.com\/index.php?rest_route=%2Fwp%2Fv2%2Fcomments&post=3157"}],"version-history":[{"count":4,"href":"https:\/\/wp.myrale-d-or.com\/index.php?rest_route=\/wp\/v2\/product\/3157\/revisions"}],"predecessor-version":[{"id":3168,"href":"https:\/\/wp.myrale-d-or.com\/index.php?rest_route=\/wp\/v2\/product\/3157\/revisions\/3168"}],"wp:featuredmedia":[{"embeddable":true,"href":"https:\/\/wp.myrale-d-or.com\/index.php?rest_route=\/wp\/v2\/media\/3140"}],"wp:attachment":[{"href":"https:\/\/wp.myrale-d-or.com\/index.php?rest_route=%2Fwp%2Fv2%2Fmedia&parent=3157"}],"curies":[{"name":"wp","href":"https:\/\/api.w.org\/{rel}","templated":true}]}}