{"id":2878,"date":"2019-11-25T17:33:40","date_gmt":"2019-11-25T17:33:40","guid":{"rendered":"https:\/\/wp.myrale-d-or.com\/?post_type=product&#038;p=2878"},"modified":"2019-11-25T18:00:32","modified_gmt":"2019-11-25T18:00:32","slug":"pack-sales","status":"publish","type":"product","link":"https:\/\/wp.myrale-d-or.com\/?product=pack-sales","title":{"rendered":"Pack Sal\u00e9s"},"content":{"rendered":"","protected":false},"excerpt":{"rendered":"<p>Mkhamer farci+ plateaux sal\u00e9 vari\u00e9e<\/p>\n","protected":false},"featured_media":1626,"comment_status":"open","ping_status":"closed","template":"","meta":[],"_links":{"self":[{"href":"https:\/\/wp.myrale-d-or.com\/index.php?rest_route=\/wp\/v2\/product\/2878"}],"collection":[{"href":"https:\/\/wp.myrale-d-or.com\/index.php?rest_route=\/wp\/v2\/product"}],"about":[{"href":"https:\/\/wp.myrale-d-or.com\/index.php?rest_route=\/wp\/v2\/types\/product"}],"replies":[{"embeddable":true,"href":"https:\/\/wp.myrale-d-or.com\/index.php?rest_route=%2Fwp%2Fv2%2Fcomments&post=2878"}],"version-history":[{"count":1,"href":"https:\/\/wp.myrale-d-or.com\/index.php?rest_route=\/wp\/v2\/product\/2878\/revisions"}],"predecessor-version":[{"id":2879,"href":"https:\/\/wp.myrale-d-or.com\/index.php?rest_route=\/wp\/v2\/product\/2878\/revisions\/2879"}],"wp:featuredmedia":[{"embeddable":true,"href":"https:\/\/wp.myrale-d-or.com\/index.php?rest_route=\/wp\/v2\/media\/1626"}],"wp:attachment":[{"href":"https:\/\/wp.myrale-d-or.com\/index.php?rest_route=%2Fwp%2Fv2%2Fmedia&parent=2878"}],"curies":[{"name":"wp","href":"https:\/\/api.w.org\/{rel}","templated":true}]}}