{"id":2864,"date":"2019-11-25T15:48:56","date_gmt":"2019-11-25T15:48:56","guid":{"rendered":"https:\/\/wp.myrale-d-or.com\/?post_type=product&#038;p=2864"},"modified":"2019-11-25T17:20:02","modified_gmt":"2019-11-25T17:20:02","slug":"the-a-la-menthe-750-ml","status":"publish","type":"product","link":"https:\/\/wp.myrale-d-or.com\/?product=the-a-la-menthe-750-ml","title":{"rendered":"Th\u00e9 \u00e0 la menthe (750 ml)"},"content":{"rendered":"<p>Ingr\u00e9dients:<br \/>\n&gt; Menthe<br \/>\n&gt; Th\u00e9 vert<\/p>\n","protected":false},"excerpt":{"rendered":"<p>Ingr\u00e9dients: &gt; Menthe &gt; Th\u00e9 vert<\/p>\n","protected":false},"featured_media":2867,"comment_status":"open","ping_status":"closed","template":"","meta":[],"_links":{"self":[{"href":"https:\/\/wp.myrale-d-or.com\/index.php?rest_route=\/wp\/v2\/product\/2864"}],"collection":[{"href":"https:\/\/wp.myrale-d-or.com\/index.php?rest_route=\/wp\/v2\/product"}],"about":[{"href":"https:\/\/wp.myrale-d-or.com\/index.php?rest_route=\/wp\/v2\/types\/product"}],"replies":[{"embeddable":true,"href":"https:\/\/wp.myrale-d-or.com\/index.php?rest_route=%2Fwp%2Fv2%2Fcomments&post=2864"}],"version-history":[{"count":1,"href":"https:\/\/wp.myrale-d-or.com\/index.php?rest_route=\/wp\/v2\/product\/2864\/revisions"}],"predecessor-version":[{"id":2868,"href":"https:\/\/wp.myrale-d-or.com\/index.php?rest_route=\/wp\/v2\/product\/2864\/revisions\/2868"}],"wp:featuredmedia":[{"embeddable":true,"href":"https:\/\/wp.myrale-d-or.com\/index.php?rest_route=\/wp\/v2\/media\/2867"}],"wp:attachment":[{"href":"https:\/\/wp.myrale-d-or.com\/index.php?rest_route=%2Fwp%2Fv2%2Fmedia&parent=2864"}],"curies":[{"name":"wp","href":"https:\/\/api.w.org\/{rel}","templated":true}]}}