{"id":1780,"date":"2019-09-05T19:18:10","date_gmt":"2019-09-05T19:18:10","guid":{"rendered":"https:\/\/wp.myrale-d-or.com\/?post_type=product&#038;p=1780"},"modified":"2019-10-28T14:07:25","modified_gmt":"2019-10-28T14:07:25","slug":"box-fruits-secs-noix-varies","status":"publish","type":"product","link":"https:\/\/wp.myrale-d-or.com\/?product=box-fruits-secs-noix-varies","title":{"rendered":"Box fruits s\u00e8ches &#038; noix vari\u00e9s"},"content":{"rendered":"<p><span id=\"react-root\">Un coffret d\u00e9licieux et sain compos\u00e9 de noix vari\u00e9s sal\u00e9s &amp; sucr\u00e9s<\/span>, des fruits s\u00e8ches et des dattes Majhool fourr\u00e9e<\/p>\n","protected":false},"excerpt":{"rendered":"<p><span id=\"react-root\">Un coffret d\u00e9licieux et sain compos\u00e9 de noix vari\u00e9s sal\u00e9s &amp; sucr\u00e9s<\/span>, des fruits s\u00e8ches et des dattes Majhool fourr\u00e9e<\/p>\n","protected":false},"featured_media":1781,"comment_status":"open","ping_status":"closed","template":"","meta":[],"_links":{"self":[{"href":"https:\/\/wp.myrale-d-or.com\/index.php?rest_route=\/wp\/v2\/product\/1780"}],"collection":[{"href":"https:\/\/wp.myrale-d-or.com\/index.php?rest_route=\/wp\/v2\/product"}],"about":[{"href":"https:\/\/wp.myrale-d-or.com\/index.php?rest_route=\/wp\/v2\/types\/product"}],"replies":[{"embeddable":true,"href":"https:\/\/wp.myrale-d-or.com\/index.php?rest_route=%2Fwp%2Fv2%2Fcomments&post=1780"}],"version-history":[{"count":3,"href":"https:\/\/wp.myrale-d-or.com\/index.php?rest_route=\/wp\/v2\/product\/1780\/revisions"}],"predecessor-version":[{"id":1788,"href":"https:\/\/wp.myrale-d-or.com\/index.php?rest_route=\/wp\/v2\/product\/1780\/revisions\/1788"}],"wp:featuredmedia":[{"embeddable":true,"href":"https:\/\/wp.myrale-d-or.com\/index.php?rest_route=\/wp\/v2\/media\/1781"}],"wp:attachment":[{"href":"https:\/\/wp.myrale-d-or.com\/index.php?rest_route=%2Fwp%2Fv2%2Fmedia&parent=1780"}],"curies":[{"name":"wp","href":"https:\/\/api.w.org\/{rel}","templated":true}]}}