{"id":1777,"date":"2019-09-05T18:43:00","date_gmt":"2019-09-05T18:43:00","guid":{"rendered":"https:\/\/wp.myrale-d-or.com\/?post_type=product&#038;p=1777"},"modified":"2019-10-28T14:07:50","modified_gmt":"2019-10-28T14:07:50","slug":"coffret-noix-varies","status":"publish","type":"product","link":"https:\/\/wp.myrale-d-or.com\/?product=coffret-noix-varies","title":{"rendered":"Coffret Noix vari\u00e9s"},"content":{"rendered":"<p><span id=\"react-root\">Un coffret d\u00e9licieux et sain compos\u00e9 de noix vari\u00e9s sal\u00e9s &amp; sucr\u00e9s<\/span><\/p>\n","protected":false},"excerpt":{"rendered":"<p><span id=\"react-root\">Un coffret d\u00e9licieux et sain compos\u00e9 de noix vari\u00e9s sal\u00e9s &amp; sucr\u00e9s<br \/>\n<\/span><\/p>\n","protected":false},"featured_media":1778,"comment_status":"open","ping_status":"closed","template":"","meta":[],"_links":{"self":[{"href":"https:\/\/wp.myrale-d-or.com\/index.php?rest_route=\/wp\/v2\/product\/1777"}],"collection":[{"href":"https:\/\/wp.myrale-d-or.com\/index.php?rest_route=\/wp\/v2\/product"}],"about":[{"href":"https:\/\/wp.myrale-d-or.com\/index.php?rest_route=\/wp\/v2\/types\/product"}],"replies":[{"embeddable":true,"href":"https:\/\/wp.myrale-d-or.com\/index.php?rest_route=%2Fwp%2Fv2%2Fcomments&post=1777"}],"version-history":[{"count":1,"href":"https:\/\/wp.myrale-d-or.com\/index.php?rest_route=\/wp\/v2\/product\/1777\/revisions"}],"predecessor-version":[{"id":1779,"href":"https:\/\/wp.myrale-d-or.com\/index.php?rest_route=\/wp\/v2\/product\/1777\/revisions\/1779"}],"wp:featuredmedia":[{"embeddable":true,"href":"https:\/\/wp.myrale-d-or.com\/index.php?rest_route=\/wp\/v2\/media\/1778"}],"wp:attachment":[{"href":"https:\/\/wp.myrale-d-or.com\/index.php?rest_route=%2Fwp%2Fv2%2Fmedia&parent=1777"}],"curies":[{"name":"wp","href":"https:\/\/api.w.org\/{rel}","templated":true}]}}