{"id":1772,"date":"2019-09-05T18:34:36","date_gmt":"2019-09-05T18:34:36","guid":{"rendered":"https:\/\/wp.myrale-d-or.com\/?post_type=product&#038;p=1772"},"modified":"2019-10-28T14:08:14","modified_gmt":"2019-10-28T14:08:14","slug":"coffret-fruits-seches-varies","status":"publish","type":"product","link":"https:\/\/wp.myrale-d-or.com\/?product=coffret-fruits-seches-varies","title":{"rendered":"Coffret fruits s\u00e8ches vari\u00e9s"},"content":{"rendered":"<p><span id=\"react-root\">Un coffret d\u00e9licieux et sain compos\u00e9 de fruits s\u00e8ches vari\u00e9s et des dattes majhool fourr\u00e9<\/span><\/p>\n","protected":false},"excerpt":{"rendered":"<p><span id=\"react-root\">Un coffret d\u00e9licieux et sain compos\u00e9 de fruits s\u00e8ches vari\u00e9s et des dattes majhool fourr\u00e9<\/span><\/p>\n","protected":false},"featured_media":1774,"comment_status":"open","ping_status":"closed","template":"","meta":[],"_links":{"self":[{"href":"https:\/\/wp.myrale-d-or.com\/index.php?rest_route=\/wp\/v2\/product\/1772"}],"collection":[{"href":"https:\/\/wp.myrale-d-or.com\/index.php?rest_route=\/wp\/v2\/product"}],"about":[{"href":"https:\/\/wp.myrale-d-or.com\/index.php?rest_route=\/wp\/v2\/types\/product"}],"replies":[{"embeddable":true,"href":"https:\/\/wp.myrale-d-or.com\/index.php?rest_route=%2Fwp%2Fv2%2Fcomments&post=1772"}],"version-history":[{"count":1,"href":"https:\/\/wp.myrale-d-or.com\/index.php?rest_route=\/wp\/v2\/product\/1772\/revisions"}],"predecessor-version":[{"id":1775,"href":"https:\/\/wp.myrale-d-or.com\/index.php?rest_route=\/wp\/v2\/product\/1772\/revisions\/1775"}],"wp:featuredmedia":[{"embeddable":true,"href":"https:\/\/wp.myrale-d-or.com\/index.php?rest_route=\/wp\/v2\/media\/1774"}],"wp:attachment":[{"href":"https:\/\/wp.myrale-d-or.com\/index.php?rest_route=%2Fwp%2Fv2%2Fmedia&parent=1772"}],"curies":[{"name":"wp","href":"https:\/\/api.w.org\/{rel}","templated":true}]}}