{"id":1654,"date":"2019-08-29T16:12:15","date_gmt":"2019-08-29T16:12:15","guid":{"rendered":"https:\/\/wp.myrale-d-or.com\/?post_type=product&#038;p=1654"},"modified":"2020-01-13T16:03:36","modified_gmt":"2020-01-13T16:03:36","slug":"coeur-royal","status":"publish","type":"product","link":"https:\/\/wp.myrale-d-or.com\/?product=coeur-royal","title":{"rendered":"C\u0153ur Royal"},"content":{"rendered":"<p>Un entremet compos\u00e9 d&#8217;une dacquoise aux amandes, d&#8217;un croustillant feuilletine-pralin\u00e9, d&#8217;une mousse chocolat blanc<\/p>\n","protected":false},"excerpt":{"rendered":"<p>Un entremet compos\u00e9 d&#8217;une dacquoise aux amandes, d&#8217;un croustillant feuilletine-pralin\u00e9, d&#8217;une mousse chocolat blanc<\/p>\n","protected":false},"featured_media":1655,"comment_status":"open","ping_status":"closed","template":"","meta":[],"_links":{"self":[{"href":"https:\/\/wp.myrale-d-or.com\/index.php?rest_route=\/wp\/v2\/product\/1654"}],"collection":[{"href":"https:\/\/wp.myrale-d-or.com\/index.php?rest_route=\/wp\/v2\/product"}],"about":[{"href":"https:\/\/wp.myrale-d-or.com\/index.php?rest_route=\/wp\/v2\/types\/product"}],"replies":[{"embeddable":true,"href":"https:\/\/wp.myrale-d-or.com\/index.php?rest_route=%2Fwp%2Fv2%2Fcomments&post=1654"}],"version-history":[{"count":4,"href":"https:\/\/wp.myrale-d-or.com\/index.php?rest_route=\/wp\/v2\/product\/1654\/revisions"}],"predecessor-version":[{"id":1659,"href":"https:\/\/wp.myrale-d-or.com\/index.php?rest_route=\/wp\/v2\/product\/1654\/revisions\/1659"}],"wp:featuredmedia":[{"embeddable":true,"href":"https:\/\/wp.myrale-d-or.com\/index.php?rest_route=\/wp\/v2\/media\/1655"}],"wp:attachment":[{"href":"https:\/\/wp.myrale-d-or.com\/index.php?rest_route=%2Fwp%2Fv2%2Fmedia&parent=1654"}],"curies":[{"name":"wp","href":"https:\/\/api.w.org\/{rel}","templated":true}]}}