{"id":1545,"date":"2019-08-28T22:59:28","date_gmt":"2019-08-28T22:59:28","guid":{"rendered":"https:\/\/wp.myrale-d-or.com\/?post_type=product&#038;p=1545"},"modified":"2020-02-28T17:01:22","modified_gmt":"2020-02-28T17:01:22","slug":"mini-pastilla-fruit-de-mer","status":"publish","type":"product","link":"https:\/\/wp.myrale-d-or.com\/?product=mini-pastilla-fruit-de-mer","title":{"rendered":"Mini pastilla fruit de mer"},"content":{"rendered":"<p>Pastilla au poisson et fruits de mer un classique de la cuisine marocaine servi en entr\u00e9 dans les f\u00eates compos\u00e9 de feuille de brick farci avec un m\u00e9lange de poisson de ,de fruit de mer, vermicelles de riz et champignon le tout relev\u00e9 dans une d\u00e9licieuse charmoula \u00e9pic\u00e9es.<\/p>\n","protected":false},"excerpt":{"rendered":"<p>Minimum quantit\u00e9: 10Pc<\/p>\n","protected":false},"featured_media":1543,"comment_status":"open","ping_status":"closed","template":"","meta":[],"_links":{"self":[{"href":"https:\/\/wp.myrale-d-or.com\/index.php?rest_route=\/wp\/v2\/product\/1545"}],"collection":[{"href":"https:\/\/wp.myrale-d-or.com\/index.php?rest_route=\/wp\/v2\/product"}],"about":[{"href":"https:\/\/wp.myrale-d-or.com\/index.php?rest_route=\/wp\/v2\/types\/product"}],"replies":[{"embeddable":true,"href":"https:\/\/wp.myrale-d-or.com\/index.php?rest_route=%2Fwp%2Fv2%2Fcomments&post=1545"}],"version-history":[{"count":3,"href":"https:\/\/wp.myrale-d-or.com\/index.php?rest_route=\/wp\/v2\/product\/1545\/revisions"}],"predecessor-version":[{"id":2166,"href":"https:\/\/wp.myrale-d-or.com\/index.php?rest_route=\/wp\/v2\/product\/1545\/revisions\/2166"}],"wp:featuredmedia":[{"embeddable":true,"href":"https:\/\/wp.myrale-d-or.com\/index.php?rest_route=\/wp\/v2\/media\/1543"}],"wp:attachment":[{"href":"https:\/\/wp.myrale-d-or.com\/index.php?rest_route=%2Fwp%2Fv2%2Fmedia&parent=1545"}],"curies":[{"name":"wp","href":"https:\/\/api.w.org\/{rel}","templated":true}]}}