{"id":1412,"date":"2019-08-26T18:44:46","date_gmt":"2019-08-26T18:44:46","guid":{"rendered":"https:\/\/wp.myrale-d-or.com\/?post_type=product&#038;p=1412"},"modified":"2019-11-25T17:54:34","modified_gmt":"2019-11-25T17:54:34","slug":"sfouf-sain-healthy","status":"publish","type":"product","link":"https:\/\/wp.myrale-d-or.com\/?product=sfouf-sain-healthy","title":{"rendered":"Sfouf sain (healthy)"},"content":{"rendered":"<p>C&#8217;est un dessert tr\u00e8s nutritif, pr\u00e9par\u00e9 \u00e0 base de farine vari\u00e9es grill\u00e9e (int\u00e9grale, millet, flocon d&#8217;avoine), m\u00e9lang\u00e9e \u00e0 du s\u00e9same, de l&#8217;amande, du cacahou\u00e8te, du caroube, du grain de Lin aromatis\u00e9 avec du grain de fennel, anis, cannelle, noix de muscade<\/p>\n","protected":false},"excerpt":{"rendered":"<p>C&#8217;est un dessert tr\u00e8s nutritif, pr\u00e9par\u00e9 \u00e0 base de farine vari\u00e9es grill\u00e9e (int\u00e9grale, millet, flocon d&#8217;avoine), m\u00e9lang\u00e9e \u00e0 du s\u00e9same, de l&#8217;amande, du cacahou\u00e8te, du caroube, du grain de Lin aromatis\u00e9 avec du grain de fennel, anis, cannelle, noix de muscade<\/p>\n","protected":false},"featured_media":1404,"comment_status":"open","ping_status":"closed","template":"","meta":[],"_links":{"self":[{"href":"https:\/\/wp.myrale-d-or.com\/index.php?rest_route=\/wp\/v2\/product\/1412"}],"collection":[{"href":"https:\/\/wp.myrale-d-or.com\/index.php?rest_route=\/wp\/v2\/product"}],"about":[{"href":"https:\/\/wp.myrale-d-or.com\/index.php?rest_route=\/wp\/v2\/types\/product"}],"replies":[{"embeddable":true,"href":"https:\/\/wp.myrale-d-or.com\/index.php?rest_route=%2Fwp%2Fv2%2Fcomments&post=1412"}],"version-history":[{"count":3,"href":"https:\/\/wp.myrale-d-or.com\/index.php?rest_route=\/wp\/v2\/product\/1412\/revisions"}],"predecessor-version":[{"id":1419,"href":"https:\/\/wp.myrale-d-or.com\/index.php?rest_route=\/wp\/v2\/product\/1412\/revisions\/1419"}],"wp:featuredmedia":[{"embeddable":true,"href":"https:\/\/wp.myrale-d-or.com\/index.php?rest_route=\/wp\/v2\/media\/1404"}],"wp:attachment":[{"href":"https:\/\/wp.myrale-d-or.com\/index.php?rest_route=%2Fwp%2Fv2%2Fmedia&parent=1412"}],"curies":[{"name":"wp","href":"https:\/\/api.w.org\/{rel}","templated":true}]}}