{"id":1403,"date":"2019-08-26T18:21:35","date_gmt":"2019-08-26T18:21:35","guid":{"rendered":"https:\/\/wp.myrale-d-or.com\/?post_type=product&#038;p=1403"},"modified":"2019-11-25T17:53:43","modified_gmt":"2019-11-25T17:53:43","slug":"sfouf","status":"publish","type":"product","link":"https:\/\/wp.myrale-d-or.com\/?product=sfouf","title":{"rendered":"Sfouf"},"content":{"rendered":"<p>C&#8217;est un dessert tr\u00e8s nutritif, pr\u00e9par\u00e9 \u00e0 base de farine grill\u00e9e, m\u00e9lang\u00e9e \u00e0 du s\u00e9same, de l&#8217;amande, du cacahou\u00e8te, du grain de Lin aromatis\u00e9 avec du grain de fennel, anis, cannelle, noix de muscade<\/p>\n","protected":false},"excerpt":{"rendered":"<p>C&#8217;est un dessert tr\u00e8s nutritif, pr\u00e9par\u00e9 \u00e0 base de farine grill\u00e9e, m\u00e9lang\u00e9e \u00e0 du s\u00e9same, de l&#8217;amande, du cacahou\u00e8te, du grain de Lin aromatis\u00e9 avec du grain de fennel, anis, cannelle, noix de muscade<\/p>\n","protected":false},"featured_media":1404,"comment_status":"open","ping_status":"closed","template":"","meta":[],"_links":{"self":[{"href":"https:\/\/wp.myrale-d-or.com\/index.php?rest_route=\/wp\/v2\/product\/1403"}],"collection":[{"href":"https:\/\/wp.myrale-d-or.com\/index.php?rest_route=\/wp\/v2\/product"}],"about":[{"href":"https:\/\/wp.myrale-d-or.com\/index.php?rest_route=\/wp\/v2\/types\/product"}],"replies":[{"embeddable":true,"href":"https:\/\/wp.myrale-d-or.com\/index.php?rest_route=%2Fwp%2Fv2%2Fcomments&post=1403"}],"version-history":[{"count":4,"href":"https:\/\/wp.myrale-d-or.com\/index.php?rest_route=\/wp\/v2\/product\/1403\/revisions"}],"predecessor-version":[{"id":1417,"href":"https:\/\/wp.myrale-d-or.com\/index.php?rest_route=\/wp\/v2\/product\/1403\/revisions\/1417"}],"wp:featuredmedia":[{"embeddable":true,"href":"https:\/\/wp.myrale-d-or.com\/index.php?rest_route=\/wp\/v2\/media\/1404"}],"wp:attachment":[{"href":"https:\/\/wp.myrale-d-or.com\/index.php?rest_route=%2Fwp%2Fv2%2Fmedia&parent=1403"}],"curies":[{"name":"wp","href":"https:\/\/api.w.org\/{rel}","templated":true}]}}