{"id":1394,"date":"2019-08-26T17:59:17","date_gmt":"2019-08-26T17:59:17","guid":{"rendered":"https:\/\/wp.myrale-d-or.com\/?post_type=product&#038;p=1394"},"modified":"2019-10-28T14:44:13","modified_gmt":"2019-10-28T14:44:13","slug":"tartelette-au-citron-meringue","status":"publish","type":"product","link":"https:\/\/wp.myrale-d-or.com\/?product=tartelette-au-citron-meringue","title":{"rendered":"Tartelette au citron meringue"},"content":{"rendered":"<p>Un m\u00e9lange parfait entre le sucr\u00e9 de la p\u00e2te et l&#8217;acidit\u00e9 du citron, la l\u00e9g\u00e8ret\u00e9 du meringue vos pousse \u00e0 r\u00eaver<\/p>\n","protected":false},"excerpt":{"rendered":"<p>Minimum quantit\u00e9: 6Pc<\/p>\n","protected":false},"featured_media":679,"comment_status":"open","ping_status":"closed","template":"","meta":[],"_links":{"self":[{"href":"https:\/\/wp.myrale-d-or.com\/index.php?rest_route=\/wp\/v2\/product\/1394"}],"collection":[{"href":"https:\/\/wp.myrale-d-or.com\/index.php?rest_route=\/wp\/v2\/product"}],"about":[{"href":"https:\/\/wp.myrale-d-or.com\/index.php?rest_route=\/wp\/v2\/types\/product"}],"replies":[{"embeddable":true,"href":"https:\/\/wp.myrale-d-or.com\/index.php?rest_route=%2Fwp%2Fv2%2Fcomments&post=1394"}],"version-history":[{"count":3,"href":"https:\/\/wp.myrale-d-or.com\/index.php?rest_route=\/wp\/v2\/product\/1394\/revisions"}],"predecessor-version":[{"id":2401,"href":"https:\/\/wp.myrale-d-or.com\/index.php?rest_route=\/wp\/v2\/product\/1394\/revisions\/2401"}],"wp:featuredmedia":[{"embeddable":true,"href":"https:\/\/wp.myrale-d-or.com\/index.php?rest_route=\/wp\/v2\/media\/679"}],"wp:attachment":[{"href":"https:\/\/wp.myrale-d-or.com\/index.php?rest_route=%2Fwp%2Fv2%2Fmedia&parent=1394"}],"curies":[{"name":"wp","href":"https:\/\/api.w.org\/{rel}","templated":true}]}}