{"id":1389,"date":"2019-08-26T17:57:31","date_gmt":"2019-08-26T17:57:31","guid":{"rendered":"https:\/\/wp.myrale-d-or.com\/?post_type=product&#038;p=1389"},"modified":"2019-10-28T14:45:22","modified_gmt":"2019-10-28T14:45:22","slug":"tarte-au-citron","status":"publish","type":"product","link":"https:\/\/wp.myrale-d-or.com\/?product=tarte-au-citron","title":{"rendered":"Tarte au citron meringue"},"content":{"rendered":"<p>Un m\u00e9lange parfait entre le sucr\u00e9 de la p\u00e2te et l&#8217;acidit\u00e9 du citron, la l\u00e9g\u00e8ret\u00e9 du meringue vos pousse \u00e0 r\u00eaver<\/p>\n","protected":false},"excerpt":{"rendered":"<p>Un m\u00e9lange parfait entre le sucr\u00e9 de la p\u00e2te et l&#8217;acidit\u00e9 du citron, la l\u00e9g\u00e8ret\u00e9 du meringue vos pousse \u00e0 r\u00eaver<\/p>\n","protected":false},"featured_media":1372,"comment_status":"open","ping_status":"closed","template":"","meta":[],"_links":{"self":[{"href":"https:\/\/wp.myrale-d-or.com\/index.php?rest_route=\/wp\/v2\/product\/1389"}],"collection":[{"href":"https:\/\/wp.myrale-d-or.com\/index.php?rest_route=\/wp\/v2\/product"}],"about":[{"href":"https:\/\/wp.myrale-d-or.com\/index.php?rest_route=\/wp\/v2\/types\/product"}],"replies":[{"embeddable":true,"href":"https:\/\/wp.myrale-d-or.com\/index.php?rest_route=%2Fwp%2Fv2%2Fcomments&post=1389"}],"version-history":[{"count":4,"href":"https:\/\/wp.myrale-d-or.com\/index.php?rest_route=\/wp\/v2\/product\/1389\/revisions"}],"predecessor-version":[{"id":2400,"href":"https:\/\/wp.myrale-d-or.com\/index.php?rest_route=\/wp\/v2\/product\/1389\/revisions\/2400"}],"wp:featuredmedia":[{"embeddable":true,"href":"https:\/\/wp.myrale-d-or.com\/index.php?rest_route=\/wp\/v2\/media\/1372"}],"wp:attachment":[{"href":"https:\/\/wp.myrale-d-or.com\/index.php?rest_route=%2Fwp%2Fv2%2Fmedia&parent=1389"}],"curies":[{"name":"wp","href":"https:\/\/api.w.org\/{rel}","templated":true}]}}