{"id":1274,"date":"2019-08-26T13:19:56","date_gmt":"2019-08-26T13:19:56","guid":{"rendered":"https:\/\/wp.myrale-d-or.com\/?post_type=product&#038;p=1274"},"modified":"2019-10-28T20:53:40","modified_gmt":"2019-10-28T20:53:40","slug":"pm002","status":"publish","type":"product","link":"https:\/\/wp.myrale-d-or.com\/?product=pm002","title":{"rendered":"PM002"},"content":{"rendered":"<p>Pi\u00e8ce mont\u00e9e p\u00e2te \u00e0 sucre<\/p>\n","protected":false},"excerpt":{"rendered":"<p>Pi\u00e8ce mont\u00e9e p\u00e2te \u00e0 sucre<\/p>\n","protected":false},"featured_media":968,"comment_status":"open","ping_status":"closed","template":"","meta":[],"_links":{"self":[{"href":"https:\/\/wp.myrale-d-or.com\/index.php?rest_route=\/wp\/v2\/product\/1274"}],"collection":[{"href":"https:\/\/wp.myrale-d-or.com\/index.php?rest_route=\/wp\/v2\/product"}],"about":[{"href":"https:\/\/wp.myrale-d-or.com\/index.php?rest_route=\/wp\/v2\/types\/product"}],"replies":[{"embeddable":true,"href":"https:\/\/wp.myrale-d-or.com\/index.php?rest_route=%2Fwp%2Fv2%2Fcomments&post=1274"}],"version-history":[{"count":1,"href":"https:\/\/wp.myrale-d-or.com\/index.php?rest_route=\/wp\/v2\/product\/1274\/revisions"}],"predecessor-version":[{"id":1280,"href":"https:\/\/wp.myrale-d-or.com\/index.php?rest_route=\/wp\/v2\/product\/1274\/revisions\/1280"}],"wp:featuredmedia":[{"embeddable":true,"href":"https:\/\/wp.myrale-d-or.com\/index.php?rest_route=\/wp\/v2\/media\/968"}],"wp:attachment":[{"href":"https:\/\/wp.myrale-d-or.com\/index.php?rest_route=%2Fwp%2Fv2%2Fmedia&parent=1274"}],"curies":[{"name":"wp","href":"https:\/\/api.w.org\/{rel}","templated":true}]}}