{"id":1259,"date":"2019-08-26T13:12:23","date_gmt":"2019-08-26T13:12:23","guid":{"rendered":"https:\/\/wp.myrale-d-or.com\/?post_type=product&#038;p=1259"},"modified":"2019-10-28T20:53:08","modified_gmt":"2019-10-28T20:53:08","slug":"pm023","status":"publish","type":"product","link":"https:\/\/wp.myrale-d-or.com\/?product=pm023","title":{"rendered":"PM023"},"content":{"rendered":"<p>Pi\u00e8ce mont\u00e9e cr\u00e8me au beurre<\/p>\n","protected":false},"excerpt":{"rendered":"<p>Pi\u00e8ce mont\u00e9e cr\u00e8me au beurre<\/p>\n","protected":false},"featured_media":1065,"comment_status":"open","ping_status":"closed","template":"","meta":[],"_links":{"self":[{"href":"https:\/\/wp.myrale-d-or.com\/index.php?rest_route=\/wp\/v2\/product\/1259"}],"collection":[{"href":"https:\/\/wp.myrale-d-or.com\/index.php?rest_route=\/wp\/v2\/product"}],"about":[{"href":"https:\/\/wp.myrale-d-or.com\/index.php?rest_route=\/wp\/v2\/types\/product"}],"replies":[{"embeddable":true,"href":"https:\/\/wp.myrale-d-or.com\/index.php?rest_route=%2Fwp%2Fv2%2Fcomments&post=1259"}],"version-history":[{"count":1,"href":"https:\/\/wp.myrale-d-or.com\/index.php?rest_route=\/wp\/v2\/product\/1259\/revisions"}],"predecessor-version":[{"id":1265,"href":"https:\/\/wp.myrale-d-or.com\/index.php?rest_route=\/wp\/v2\/product\/1259\/revisions\/1265"}],"wp:featuredmedia":[{"embeddable":true,"href":"https:\/\/wp.myrale-d-or.com\/index.php?rest_route=\/wp\/v2\/media\/1065"}],"wp:attachment":[{"href":"https:\/\/wp.myrale-d-or.com\/index.php?rest_route=%2Fwp%2Fv2%2Fmedia&parent=1259"}],"curies":[{"name":"wp","href":"https:\/\/api.w.org\/{rel}","templated":true}]}}