{"id":1251,"date":"2019-08-26T13:07:46","date_gmt":"2019-08-26T13:07:46","guid":{"rendered":"https:\/\/wp.myrale-d-or.com\/?post_type=product&#038;p=1251"},"modified":"2019-10-28T20:55:54","modified_gmt":"2019-10-28T20:55:54","slug":"pm037","status":"publish","type":"product","link":"https:\/\/wp.myrale-d-or.com\/?product=pm037","title":{"rendered":"PM037"},"content":{"rendered":"<p>Pi\u00e8ce mont\u00e9e cr\u00e8me au beurre<\/p>\n","protected":false},"excerpt":{"rendered":"<p>Pi\u00e8ce mont\u00e9e cr\u00e8me au beurre<\/p>\n","protected":false},"featured_media":1257,"comment_status":"open","ping_status":"closed","template":"","meta":[],"_links":{"self":[{"href":"https:\/\/wp.myrale-d-or.com\/index.php?rest_route=\/wp\/v2\/product\/1251"}],"collection":[{"href":"https:\/\/wp.myrale-d-or.com\/index.php?rest_route=\/wp\/v2\/product"}],"about":[{"href":"https:\/\/wp.myrale-d-or.com\/index.php?rest_route=\/wp\/v2\/types\/product"}],"replies":[{"embeddable":true,"href":"https:\/\/wp.myrale-d-or.com\/index.php?rest_route=%2Fwp%2Fv2%2Fcomments&post=1251"}],"version-history":[{"count":1,"href":"https:\/\/wp.myrale-d-or.com\/index.php?rest_route=\/wp\/v2\/product\/1251\/revisions"}],"predecessor-version":[{"id":1258,"href":"https:\/\/wp.myrale-d-or.com\/index.php?rest_route=\/wp\/v2\/product\/1251\/revisions\/1258"}],"wp:featuredmedia":[{"embeddable":true,"href":"https:\/\/wp.myrale-d-or.com\/index.php?rest_route=\/wp\/v2\/media\/1257"}],"wp:attachment":[{"href":"https:\/\/wp.myrale-d-or.com\/index.php?rest_route=%2Fwp%2Fv2%2Fmedia&parent=1251"}],"curies":[{"name":"wp","href":"https:\/\/api.w.org\/{rel}","templated":true}]}}