{"id":1195,"date":"2019-08-26T12:48:34","date_gmt":"2019-08-26T12:48:34","guid":{"rendered":"https:\/\/wp.myrale-d-or.com\/?post_type=product&#038;p=1195"},"modified":"2019-10-28T20:58:34","modified_gmt":"2019-10-28T20:58:34","slug":"pm030","status":"publish","type":"product","link":"https:\/\/wp.myrale-d-or.com\/?product=pm030","title":{"rendered":"PM030"},"content":{"rendered":"<p>Pi\u00e8ce mont\u00e9e p\u00e2te \u00e0 sucre<\/p>\n","protected":false},"excerpt":{"rendered":"<p>Pi\u00e8ce mont\u00e9e p\u00e2te \u00e0 sucre<\/p>\n","protected":false},"featured_media":1201,"comment_status":"open","ping_status":"closed","template":"","meta":[],"_links":{"self":[{"href":"https:\/\/wp.myrale-d-or.com\/index.php?rest_route=\/wp\/v2\/product\/1195"}],"collection":[{"href":"https:\/\/wp.myrale-d-or.com\/index.php?rest_route=\/wp\/v2\/product"}],"about":[{"href":"https:\/\/wp.myrale-d-or.com\/index.php?rest_route=\/wp\/v2\/types\/product"}],"replies":[{"embeddable":true,"href":"https:\/\/wp.myrale-d-or.com\/index.php?rest_route=%2Fwp%2Fv2%2Fcomments&post=1195"}],"version-history":[{"count":1,"href":"https:\/\/wp.myrale-d-or.com\/index.php?rest_route=\/wp\/v2\/product\/1195\/revisions"}],"predecessor-version":[{"id":1202,"href":"https:\/\/wp.myrale-d-or.com\/index.php?rest_route=\/wp\/v2\/product\/1195\/revisions\/1202"}],"wp:featuredmedia":[{"embeddable":true,"href":"https:\/\/wp.myrale-d-or.com\/index.php?rest_route=\/wp\/v2\/media\/1201"}],"wp:attachment":[{"href":"https:\/\/wp.myrale-d-or.com\/index.php?rest_route=%2Fwp%2Fv2%2Fmedia&parent=1195"}],"curies":[{"name":"wp","href":"https:\/\/api.w.org\/{rel}","templated":true}]}}