{"id":1118,"date":"2019-08-13T15:25:32","date_gmt":"2019-08-13T15:25:32","guid":{"rendered":"https:\/\/wp.myrale-d-or.com\/?post_type=product&#038;p=1118"},"modified":"2019-10-28T20:58:48","modified_gmt":"2019-10-28T20:58:48","slug":"pm029","status":"publish","type":"product","link":"https:\/\/wp.myrale-d-or.com\/?product=pm029","title":{"rendered":"PM029"},"content":{"rendered":"<p>Pi\u00e8ce mont\u00e9e p\u00e2te \u00e0 sucre<\/p>\n","protected":false},"excerpt":{"rendered":"<p>Pi\u00e8ce mont\u00e9e p\u00e2te \u00e0 sucre<\/p>\n","protected":false},"featured_media":1116,"comment_status":"open","ping_status":"closed","template":"","meta":[],"_links":{"self":[{"href":"https:\/\/wp.myrale-d-or.com\/index.php?rest_route=\/wp\/v2\/product\/1118"}],"collection":[{"href":"https:\/\/wp.myrale-d-or.com\/index.php?rest_route=\/wp\/v2\/product"}],"about":[{"href":"https:\/\/wp.myrale-d-or.com\/index.php?rest_route=\/wp\/v2\/types\/product"}],"replies":[{"embeddable":true,"href":"https:\/\/wp.myrale-d-or.com\/index.php?rest_route=%2Fwp%2Fv2%2Fcomments&post=1118"}],"version-history":[{"count":1,"href":"https:\/\/wp.myrale-d-or.com\/index.php?rest_route=\/wp\/v2\/product\/1118\/revisions"}],"predecessor-version":[{"id":1124,"href":"https:\/\/wp.myrale-d-or.com\/index.php?rest_route=\/wp\/v2\/product\/1118\/revisions\/1124"}],"wp:featuredmedia":[{"embeddable":true,"href":"https:\/\/wp.myrale-d-or.com\/index.php?rest_route=\/wp\/v2\/media\/1116"}],"wp:attachment":[{"href":"https:\/\/wp.myrale-d-or.com\/index.php?rest_route=%2Fwp%2Fv2%2Fmedia&parent=1118"}],"curies":[{"name":"wp","href":"https:\/\/api.w.org\/{rel}","templated":true}]}}