{"id":1051,"date":"2019-08-13T13:10:50","date_gmt":"2019-08-13T13:10:50","guid":{"rendered":"https:\/\/wp.myrale-d-or.com\/?post_type=product&#038;p=1051"},"modified":"2019-10-29T18:24:38","modified_gmt":"2019-10-29T18:24:38","slug":"pm021","status":"publish","type":"product","link":"https:\/\/wp.myrale-d-or.com\/?product=pm021","title":{"rendered":"PM021"},"content":{"rendered":"<p>Pi\u00e8ce mont\u00e9e cr\u00e8me au beurre<\/p>\n","protected":false},"excerpt":{"rendered":"<p>Pi\u00e8ce mont\u00e9e cr\u00e8me au beurre<\/p>\n","protected":false},"featured_media":1057,"comment_status":"open","ping_status":"closed","template":"","meta":[],"_links":{"self":[{"href":"https:\/\/wp.myrale-d-or.com\/index.php?rest_route=\/wp\/v2\/product\/1051"}],"collection":[{"href":"https:\/\/wp.myrale-d-or.com\/index.php?rest_route=\/wp\/v2\/product"}],"about":[{"href":"https:\/\/wp.myrale-d-or.com\/index.php?rest_route=\/wp\/v2\/types\/product"}],"replies":[{"embeddable":true,"href":"https:\/\/wp.myrale-d-or.com\/index.php?rest_route=%2Fwp%2Fv2%2Fcomments&post=1051"}],"version-history":[{"count":1,"href":"https:\/\/wp.myrale-d-or.com\/index.php?rest_route=\/wp\/v2\/product\/1051\/revisions"}],"predecessor-version":[{"id":1058,"href":"https:\/\/wp.myrale-d-or.com\/index.php?rest_route=\/wp\/v2\/product\/1051\/revisions\/1058"}],"wp:featuredmedia":[{"embeddable":true,"href":"https:\/\/wp.myrale-d-or.com\/index.php?rest_route=\/wp\/v2\/media\/1057"}],"wp:attachment":[{"href":"https:\/\/wp.myrale-d-or.com\/index.php?rest_route=%2Fwp%2Fv2%2Fmedia&parent=1051"}],"curies":[{"name":"wp","href":"https:\/\/api.w.org\/{rel}","templated":true}]}}